{"id":986,"date":"2016-07-22T13:18:50","date_gmt":"2016-07-22T13:18:50","guid":{"rendered":"http:\/\/www.camitimpianti.it\/?page_id=986"},"modified":"2022-03-17T16:30:54","modified_gmt":"2022-03-17T16:30:54","slug":"idrosabbiatura-industriale","status":"publish","type":"page","link":"https:\/\/camitimpianti.it\/it\/idrosabbiatura-industriale\/","title":{"rendered":"Idrosabbiatura industriale"},"content":{"rendered":"<h2>WETBLAST FLEX Clemco sistema compatto per idrosabbiatura<\/h2>\n<p><img loading=\"lazy\" decoding=\"async\" class=\"aligncenter\" src=\"https:\/\/www.camitimpianti.it\/img\/idrosabbitrice-Camit.jpg\" alt=\"idrosabbitrice Clemco\" width=\"500\" height=\"575\" \/><\/p>\n<p><strong>Wetblast Flex<\/strong> \u00e8 un sistema per <strong>idrosabbiatura industriale<\/strong> tutto-in-uno molto flessibile e mobile grazie ad un basamento fork-lift per movimentazione e golfari per il sollevamento.<br \/>\n\u00c8 progettato con funzionamento semplificato ideato per un facile arresto di fine turno, infatti mescolando l&#8217;abrasivo con l\u2019acqua dopo la valvola di dosaggio, non \u00e8 necessario svuotare la macchina.<br \/>\nCon l&#8217;iniettore acqua posizionato dopo la valvola di dosaggio, \u00e8 possibile regolare la miscela acqua\/abrasivo in qualsiasi momento.<\/p>\n<p><strong>La sabbiatura abrasiva a vapore<\/strong> o <strong>idrosabbiatura industriale<\/strong> \u00e8 simile alla sabbiatura a secco, a eccezione del fatto che l\u2019abrasivo viene inumidito prima di colpire la superficie. Questa operazione crea molta meno polvere rispetto a quanto avviene con la sabbiatura a secco: <strong>fino al 92% in meno<\/strong>.<br \/>\nPoich\u00e9 con <strong>l\u2019idrosabbiatura<\/strong> la formazione di polvere \u00e8 ridotta, sono necessarie misure di contenimento inferiori e il tempo di pulizia dell\u2019abrasivo pu\u00f2 essere ridotto. Siccome la <strong>sabbiatura a vapore<\/strong> utilizza una minore quantit\u00e0 di acqua rispetto ad altre tecnologie come la sabbiatura a umido convenzionale, non rimangono pozze d\u2019acqua e<strong> non ci sono emissioni tossiche di cui preoccuparsi<\/strong>. Il risultato finale \u00e8 un processo pi\u00f9 pulito e meglio contenuto.<br \/>\nIl sistena WETBLAST FLEX Sistema compatto per idrosabbiatura \u00e8 facile da usare ed elimina la necessit\u00e0 di regolazioni in cantiere. Ha un design dalla manipolazione veloce per una rimozione pi\u00f9 rapida e un\u2019operativit\u00e0 pi\u00f9 semplice.<\/p>\n<p><strong>CAMPI D\u2019APPLICAZIONE :<\/strong><br \/>\nSabbiatura all\u2019acqua \/ sabbiatura a secco.<br \/>\nE\u2019 adatta in diverse industrie per un\u2019ampia gamma di applicazioni, come la rimozione di vernice, ruggine, corrosione, graffiti, rivestimenti industriali e segnaletica orizzontale. E\u2019 ideale per la pulizia del metallo in generale, pietra e parti in legno; ripristino di monumenti e manufatti; abbattimento di piombo e amianto; manutenzione di edifici e siti.<\/p>\n<h4>Dimensioni : 2.000 x 800 x 1.500H mm &#8211; peso 420kg<\/h4>\n<h4>Componenti :<br \/>\nN.1 Sabbiatrice (Capacit\u00e0 serbatoio abrasivo 140 Litri)<br \/>\nN.1 Serbatoio (Capacit\u00e0 serbatoio acqua 500 Litri)<br \/>\nN.1 Pompa dell&#8217;acqua W &#8211; 92 con filtro e regolatore di pressione<br \/>\nN.1 Interruttore cut-off abrasiva<br \/>\nN.1 Separatore di umidit\u00e0 HMS<br \/>\nN.1 Valvola di dosaggio PT<br \/>\nN.1 Leva comando RLX III con doppia funzione<br \/>\nN.1 Ugello diam.9.5 mm in carburo di tungsteno<br \/>\nMT10 Tubo in gomma antiabrasiva 32&#215;8 completo di raccordi<\/h4>\n<h4>Pressione aria max : 8 bar<br \/>\nPressione acqua (consigliata) : 2-4 bar<br \/>\nPressione acqua : 4:1<br \/>\nConsumo acqua : 15 lt\/min.<br \/>\nConsumo aria a 8 bar : 0,15 mc\/min<\/h4>\n","protected":false},"excerpt":{"rendered":"<p>WETBLAST FLEX Clemco sistema compatto per idrosabbiatura Wetblast Flex \u00e8 un sistema per idrosabbiatura industriale tutto-in-uno molto flessibile e mobile<\/p>\n","protected":false},"author":1,"featured_media":0,"parent":0,"menu_order":0,"comment_status":"closed","ping_status":"open","template":"","meta":{"colormag_page_container_layout":"default_layout","colormag_page_sidebar_layout":"default_layout","footnotes":""},"class_list":["post-986","page","type-page","status-publish","hentry"],"yoast_head":"<!-- This site is optimized with the Yoast SEO plugin v27.1.1 - https:\/\/yoast.com\/product\/yoast-seo-wordpress\/ -->\n<title>Idrosabbiatura industriale - Camit Impianti di Sabbiatura e Verniciatura<\/title>\n<meta name=\"description\" content=\"L&#039;idrosabbiatura industriale crea molta meno polvere rispetto a quanto avviene con la sabbiatura a secco: fino al 92% in meno . non pi\u00f9 emissioni tossiche.\" \/>\n<meta name=\"robots\" content=\"index, follow, max-snippet:-1, max-image-preview:large, max-video-preview:-1\" \/>\n<link rel=\"canonical\" href=\"https:\/\/camitimpianti.it\/it\/idrosabbiatura-industriale\/\" \/>\n<meta property=\"og:locale\" content=\"it_IT\" \/>\n<meta property=\"og:type\" content=\"article\" \/>\n<meta property=\"og:title\" content=\"Idrosabbiatura industriale - Camit Impianti di Sabbiatura e Verniciatura\" \/>\n<meta property=\"og:description\" content=\"L&#039;idrosabbiatura industriale crea molta meno polvere rispetto a quanto avviene con la sabbiatura a secco: fino al 92% in meno . non pi\u00f9 emissioni tossiche.\" \/>\n<meta property=\"og:url\" content=\"https:\/\/camitimpianti.it\/it\/idrosabbiatura-industriale\/\" \/>\n<meta property=\"og:site_name\" content=\"Camit Impianti di Sabbiatura e Verniciatura\" \/>\n<meta property=\"article:modified_time\" content=\"2022-03-17T16:30:54+00:00\" \/>\n<meta property=\"og:image\" content=\"https:\/\/www.camitimpianti.it\/img\/idrosabbitrice-Camit.jpg\" \/>\n<meta name=\"twitter:card\" content=\"summary_large_image\" \/>\n<meta name=\"twitter:label1\" content=\"Tempo di lettura stimato\" \/>\n\t<meta name=\"twitter:data1\" content=\"2 minuti\" \/>\n<script type=\"application\/ld+json\" class=\"yoast-schema-graph\">{\"@context\":\"https:\/\/schema.org\",\"@graph\":[{\"@type\":\"WebPage\",\"@id\":\"https:\/\/camitimpianti.it\/it\/idrosabbiatura-industriale\/\",\"url\":\"https:\/\/camitimpianti.it\/it\/idrosabbiatura-industriale\/\",\"name\":\"Idrosabbiatura industriale - Camit Impianti di Sabbiatura e Verniciatura\",\"isPartOf\":{\"@id\":\"https:\/\/camitimpianti.it\/it\/#website\"},\"primaryImageOfPage\":{\"@id\":\"https:\/\/camitimpianti.it\/it\/idrosabbiatura-industriale\/#primaryimage\"},\"image\":{\"@id\":\"https:\/\/camitimpianti.it\/it\/idrosabbiatura-industriale\/#primaryimage\"},\"thumbnailUrl\":\"https:\/\/www.camitimpianti.it\/img\/idrosabbitrice-Camit.jpg\",\"datePublished\":\"2016-07-22T13:18:50+00:00\",\"dateModified\":\"2022-03-17T16:30:54+00:00\",\"description\":\"L'idrosabbiatura industriale crea molta meno polvere rispetto a quanto avviene con la sabbiatura a secco: fino al 92% in meno . non pi\u00f9 emissioni tossiche.\",\"breadcrumb\":{\"@id\":\"https:\/\/camitimpianti.it\/it\/idrosabbiatura-industriale\/#breadcrumb\"},\"inLanguage\":\"it-IT\",\"potentialAction\":[{\"@type\":\"ReadAction\",\"target\":[\"https:\/\/camitimpianti.it\/it\/idrosabbiatura-industriale\/\"]}]},{\"@type\":\"ImageObject\",\"inLanguage\":\"it-IT\",\"@id\":\"https:\/\/camitimpianti.it\/it\/idrosabbiatura-industriale\/#primaryimage\",\"url\":\"https:\/\/www.camitimpianti.it\/img\/idrosabbitrice-Camit.jpg\",\"contentUrl\":\"https:\/\/www.camitimpianti.it\/img\/idrosabbitrice-Camit.jpg\"},{\"@type\":\"BreadcrumbList\",\"@id\":\"https:\/\/camitimpianti.it\/it\/idrosabbiatura-industriale\/#breadcrumb\",\"itemListElement\":[{\"@type\":\"ListItem\",\"position\":1,\"name\":\"Home\",\"item\":\"https:\/\/camitimpianti.it\/it\/\"},{\"@type\":\"ListItem\",\"position\":2,\"name\":\"Idrosabbiatura industriale\"}]},{\"@type\":\"WebSite\",\"@id\":\"https:\/\/camitimpianti.it\/it\/#website\",\"url\":\"https:\/\/camitimpianti.it\/it\/\",\"name\":\"Camit Impianti di Sabbiatura e Verniciatura\",\"description\":\"\",\"publisher\":{\"@id\":\"https:\/\/camitimpianti.it\/it\/#organization\"},\"potentialAction\":[{\"@type\":\"SearchAction\",\"target\":{\"@type\":\"EntryPoint\",\"urlTemplate\":\"https:\/\/camitimpianti.it\/it\/?s={search_term_string}\"},\"query-input\":{\"@type\":\"PropertyValueSpecification\",\"valueRequired\":true,\"valueName\":\"search_term_string\"}}],\"inLanguage\":\"it-IT\"},{\"@type\":\"Organization\",\"@id\":\"https:\/\/camitimpianti.it\/it\/#organization\",\"name\":\"Camit Impianti di Sabbiatura e Verniciatura\",\"url\":\"https:\/\/camitimpianti.it\/it\/\",\"logo\":{\"@type\":\"ImageObject\",\"inLanguage\":\"it-IT\",\"@id\":\"https:\/\/camitimpianti.it\/it\/#\/schema\/logo\/image\/\",\"url\":\"https:\/\/camitimpianti.it\/wp-content\/uploads\/2023\/09\/cropped-LOGO-e-camit.png\",\"contentUrl\":\"https:\/\/camitimpianti.it\/wp-content\/uploads\/2023\/09\/cropped-LOGO-e-camit.png\",\"width\":434,\"height\":125,\"caption\":\"Camit Impianti di Sabbiatura e Verniciatura\"},\"image\":{\"@id\":\"https:\/\/camitimpianti.it\/it\/#\/schema\/logo\/image\/\"}}]}<\/script>\n<!-- \/ Yoast SEO plugin. -->","yoast_head_json":{"title":"Idrosabbiatura industriale - Camit Impianti di Sabbiatura e Verniciatura","description":"L'idrosabbiatura industriale crea molta meno polvere rispetto a quanto avviene con la sabbiatura a secco: fino al 92% in meno . non pi\u00f9 emissioni tossiche.","robots":{"index":"index","follow":"follow","max-snippet":"max-snippet:-1","max-image-preview":"max-image-preview:large","max-video-preview":"max-video-preview:-1"},"canonical":"https:\/\/camitimpianti.it\/it\/idrosabbiatura-industriale\/","og_locale":"it_IT","og_type":"article","og_title":"Idrosabbiatura industriale - Camit Impianti di Sabbiatura e Verniciatura","og_description":"L'idrosabbiatura industriale crea molta meno polvere rispetto a quanto avviene con la sabbiatura a secco: fino al 92% in meno . non pi\u00f9 emissioni tossiche.","og_url":"https:\/\/camitimpianti.it\/it\/idrosabbiatura-industriale\/","og_site_name":"Camit Impianti di Sabbiatura e Verniciatura","article_modified_time":"2022-03-17T16:30:54+00:00","og_image":[{"url":"https:\/\/www.camitimpianti.it\/img\/idrosabbitrice-Camit.jpg","type":"","width":"","height":""}],"twitter_card":"summary_large_image","twitter_misc":{"Tempo di lettura stimato":"2 minuti"},"schema":{"@context":"https:\/\/schema.org","@graph":[{"@type":"WebPage","@id":"https:\/\/camitimpianti.it\/it\/idrosabbiatura-industriale\/","url":"https:\/\/camitimpianti.it\/it\/idrosabbiatura-industriale\/","name":"Idrosabbiatura industriale - Camit Impianti di Sabbiatura e Verniciatura","isPartOf":{"@id":"https:\/\/camitimpianti.it\/it\/#website"},"primaryImageOfPage":{"@id":"https:\/\/camitimpianti.it\/it\/idrosabbiatura-industriale\/#primaryimage"},"image":{"@id":"https:\/\/camitimpianti.it\/it\/idrosabbiatura-industriale\/#primaryimage"},"thumbnailUrl":"https:\/\/www.camitimpianti.it\/img\/idrosabbitrice-Camit.jpg","datePublished":"2016-07-22T13:18:50+00:00","dateModified":"2022-03-17T16:30:54+00:00","description":"L'idrosabbiatura industriale crea molta meno polvere rispetto a quanto avviene con la sabbiatura a secco: fino al 92% in meno . non pi\u00f9 emissioni tossiche.","breadcrumb":{"@id":"https:\/\/camitimpianti.it\/it\/idrosabbiatura-industriale\/#breadcrumb"},"inLanguage":"it-IT","potentialAction":[{"@type":"ReadAction","target":["https:\/\/camitimpianti.it\/it\/idrosabbiatura-industriale\/"]}]},{"@type":"ImageObject","inLanguage":"it-IT","@id":"https:\/\/camitimpianti.it\/it\/idrosabbiatura-industriale\/#primaryimage","url":"https:\/\/www.camitimpianti.it\/img\/idrosabbitrice-Camit.jpg","contentUrl":"https:\/\/www.camitimpianti.it\/img\/idrosabbitrice-Camit.jpg"},{"@type":"BreadcrumbList","@id":"https:\/\/camitimpianti.it\/it\/idrosabbiatura-industriale\/#breadcrumb","itemListElement":[{"@type":"ListItem","position":1,"name":"Home","item":"https:\/\/camitimpianti.it\/it\/"},{"@type":"ListItem","position":2,"name":"Idrosabbiatura industriale"}]},{"@type":"WebSite","@id":"https:\/\/camitimpianti.it\/it\/#website","url":"https:\/\/camitimpianti.it\/it\/","name":"Camit Impianti di Sabbiatura e Verniciatura","description":"","publisher":{"@id":"https:\/\/camitimpianti.it\/it\/#organization"},"potentialAction":[{"@type":"SearchAction","target":{"@type":"EntryPoint","urlTemplate":"https:\/\/camitimpianti.it\/it\/?s={search_term_string}"},"query-input":{"@type":"PropertyValueSpecification","valueRequired":true,"valueName":"search_term_string"}}],"inLanguage":"it-IT"},{"@type":"Organization","@id":"https:\/\/camitimpianti.it\/it\/#organization","name":"Camit Impianti di Sabbiatura e Verniciatura","url":"https:\/\/camitimpianti.it\/it\/","logo":{"@type":"ImageObject","inLanguage":"it-IT","@id":"https:\/\/camitimpianti.it\/it\/#\/schema\/logo\/image\/","url":"https:\/\/camitimpianti.it\/wp-content\/uploads\/2023\/09\/cropped-LOGO-e-camit.png","contentUrl":"https:\/\/camitimpianti.it\/wp-content\/uploads\/2023\/09\/cropped-LOGO-e-camit.png","width":434,"height":125,"caption":"Camit Impianti di Sabbiatura e Verniciatura"},"image":{"@id":"https:\/\/camitimpianti.it\/it\/#\/schema\/logo\/image\/"}}]}},"_links":{"self":[{"href":"https:\/\/camitimpianti.it\/it\/wp-json\/wp\/v2\/pages\/986","targetHints":{"allow":["GET"]}}],"collection":[{"href":"https:\/\/camitimpianti.it\/it\/wp-json\/wp\/v2\/pages"}],"about":[{"href":"https:\/\/camitimpianti.it\/it\/wp-json\/wp\/v2\/types\/page"}],"author":[{"embeddable":true,"href":"https:\/\/camitimpianti.it\/it\/wp-json\/wp\/v2\/users\/1"}],"replies":[{"embeddable":true,"href":"https:\/\/camitimpianti.it\/it\/wp-json\/wp\/v2\/comments?post=986"}],"version-history":[{"count":1,"href":"https:\/\/camitimpianti.it\/it\/wp-json\/wp\/v2\/pages\/986\/revisions"}],"predecessor-version":[{"id":987,"href":"https:\/\/camitimpianti.it\/it\/wp-json\/wp\/v2\/pages\/986\/revisions\/987"}],"wp:attachment":[{"href":"https:\/\/camitimpianti.it\/it\/wp-json\/wp\/v2\/media?parent=986"}],"curies":[{"name":"wp","href":"https:\/\/api.w.org\/{rel}","templated":true}]}}