{"id":1131,"date":"2017-05-19T10:12:55","date_gmt":"2017-05-19T10:12:55","guid":{"rendered":"http:\/\/www.camitimpianti.it\/?page_id=1131\/"},"modified":"2023-08-11T09:10:54","modified_gmt":"2023-08-11T09:10:54","slug":"hydrosablage-industriel","status":"publish","type":"page","link":"https:\/\/camitimpianti.it\/fr\/hydrosablage-industriel\/","title":{"rendered":"Hydrosablage industriel"},"content":{"rendered":"<h2>WETBLAST FLEX Clemco syst\u00e8me compact pour hydrosablage<\/h2>\n<p><img loading=\"lazy\" decoding=\"async\" class=\"aligncenter\" src=\"https:\/\/www.camitimpianti.it\/img\/idrosabbitrice-Camit.jpg\" alt=\"idrosabbitrice Clemco\" width=\"500\" height=\"575\" \/><\/p>\n<p><strong>Wetblast Flex est un syst\u00e8me pour hydro-sablage industriel tout en un, tr\u00e8s flexible et mobile gr\u00e2ce \u00e0 un soubassement fork-lift de d\u00e9placement et anneaux \u00e0 tige pour le levage. \u00a0\u00a0<\/strong><strong>\u00a0<\/strong><\/p>\n<p>Il est con\u00e7u \u00e0 fonctionnement facilit\u00e9 cr\u00e9\u00e9 pour un simple arr\u00eat de fin du service, car en m\u00e9langeant l\u2019abrasif avec l\u2019eau apr\u00e8s la vanne de dosage, n\u2019est pas n\u00e9cessaire vider la machine.<br \/>\nL\u2019injecteur d\u2019eau est positionn\u00e9 apr\u00e8s la vanne de dosage, cela permet de r\u00e9gler le m\u00e9lange eau\/abrasif \u00e0 tout moment.<\/p>\n<p><strong>Le sablage abrasif \u00e0 vapeur<\/strong> ou <strong>hydro-sablage industriel<\/strong> ressemble au sablage \u00e0 sec, \u00e0 l\u2019exception du fait que l\u2019abrasif vient humidifi\u00e9 avant de toucher la surface. Cette op\u00e9ration cr\u00e9\u00e9 beaucoup moins de poussi\u00e8re par rapport au sablage \u00e0 sec: jusqu\u2019au 92% en moins.<\/p>\n<p>L\u2019hydro-sablage rejet moins de poussi\u00e8re, et il est donc possible r\u00e9duire les mesures de contention et le temps de nettoyage de l\u2019abrasif.<strong> Le sablage \u00e0 vapeur<\/strong> utilise une moindre quantit\u00e9 d\u2019eau par rapport \u00e0 d\u2019autres technologies telles que le sablage par voie humide conventionnel, donc ne restent pas flaques d\u2019eau et il n\u2019y a pas \u00e9missions toxiques. Le r\u00e9sultat final est un processus plus propre et contenu.<\/p>\n<p>Le syst\u00e8me WETBLAST FLEX Syst\u00e8me compact pour hydro-sablage est facile \u00e0 utiliser et enl\u00e8ve la n\u00e9cessit\u00e9 de r\u00e9glages\u00a0 en chantier. Il a un design qui permet une manipulation rapide pour un d\u00e9placement acc\u00e9l\u00e9r\u00e9 et une exploitation plus simple.<br \/>\n<strong>DOMAINES D\u2019APPLICATION: <\/strong><\/p>\n<p>Sablage \u00e0 l\u2019eau \/ sablage \u00e0 sec.<\/p>\n<p>Est apte \u00e0 plusieurs industries pour un large \u00e9ventail d\u2019applications, par exemple l\u2019\u00e9limination de vernis, rouille, corrosion, graffiti, rev\u00eatements industriels et marquage au sol. Est id\u00e9al pour le nettoyage du m\u00e9tal en g\u00e9n\u00e9ral, pierre et parties en bois; r\u00e9tablissement de monuments et produits manufactur\u00e9s; \u00e9limination de plomb et amiante; maintenance de b\u00e2timents et sites.<\/p>\n<p>&nbsp;<\/p>\n<h4>Dimensions: 2.000 x 800 x 1.500H mm \u2013 poids 420kg<\/h4>\n<h4>Composants:<br \/>\nN.1 Sableuse (Capacit\u00e9 du r\u00e9servoir abrasif 140 Litres)<br \/>\nN.1 R\u00e9servoir (Capacit\u00e9 du r\u00e9servoir d\u2019eau 500 Litres)<br \/>\nN.1 Pompe \u00e0 eau W \u2013 92 avec filtre et r\u00e9gulateur de pression<br \/>\nN.1 Interrupteur cut-off abrasif<br \/>\nN.1 S\u00e9parateur d\u2019humidit\u00e9 HMS<br \/>\nN.1 Vanne de dosage PT<br \/>\nN.1 Levier de commande RLX III \u00e0 double fonction<br \/>\nN.1 Tuy\u00e8re diam.9.5 mm en carbure de tungst\u00e8ne<br \/>\nMT10 Tuyau en caoutchouc anti-abrasif 32\u00d78 complet de raccords<\/h4>\n<h4>Pression air max: 8 bar<br \/>\nPression eau (recommand\u00e9e): 2-4 bar<br \/>\nPression eau: 4:1<br \/>\nConsomme d\u2019eau: 15 litre\/min.<br \/>\nConsomme d\u2019air \u00e0 8 bar: 0,15 m\u00e8tre cube\/min<\/h4>\n<p>&nbsp;<\/p>\n","protected":false},"excerpt":{"rendered":"<p>WETBLAST FLEX Clemco syst\u00e8me compact pour hydrosablage Wetblast Flex est un syst\u00e8me pour hydro-sablage industriel tout en un, tr\u00e8s flexible<\/p>\n","protected":false},"author":1,"featured_media":0,"parent":0,"menu_order":0,"comment_status":"closed","ping_status":"open","template":"","meta":{"colormag_page_container_layout":"default_layout","colormag_page_sidebar_layout":"default_layout","footnotes":""},"class_list":["post-1131","page","type-page","status-publish","hentry"],"yoast_head":"<!-- This site is optimized with the Yoast SEO plugin v27.1.1 - https:\/\/yoast.com\/product\/yoast-seo-wordpress\/ -->\n<title>Hydrosablage industriel - Camit Impianti di Sabbiatura e Verniciatura<\/title>\n<meta name=\"robots\" content=\"index, follow, max-snippet:-1, max-image-preview:large, max-video-preview:-1\" \/>\n<link rel=\"canonical\" href=\"https:\/\/camitimpianti.it\/fr\/hydrosablage-industriel\/\" \/>\n<meta property=\"og:locale\" content=\"fr_FR\" \/>\n<meta property=\"og:type\" content=\"article\" \/>\n<meta property=\"og:title\" content=\"Hydrosablage industriel - Camit Impianti di Sabbiatura e Verniciatura\" \/>\n<meta property=\"og:description\" content=\"WETBLAST FLEX Clemco syst\u00e8me compact pour hydrosablage Wetblast Flex est un syst\u00e8me pour hydro-sablage industriel tout en un, tr\u00e8s flexible\" \/>\n<meta property=\"og:url\" content=\"https:\/\/camitimpianti.it\/fr\/hydrosablage-industriel\/\" \/>\n<meta property=\"og:site_name\" content=\"Camit Impianti di Sabbiatura e Verniciatura\" \/>\n<meta property=\"article:modified_time\" content=\"2023-08-11T09:10:54+00:00\" \/>\n<meta property=\"og:image\" content=\"https:\/\/www.camitimpianti.it\/img\/idrosabbitrice-Camit.jpg\" \/>\n<meta name=\"twitter:card\" content=\"summary_large_image\" \/>\n<meta name=\"twitter:label1\" content=\"Est. reading time\" \/>\n\t<meta name=\"twitter:data1\" content=\"2 minutes\" \/>\n<script type=\"application\/ld+json\" class=\"yoast-schema-graph\">{\"@context\":\"https:\/\/schema.org\",\"@graph\":[{\"@type\":\"WebPage\",\"@id\":\"https:\/\/camitimpianti.it\/fr\/hydrosablage-industriel\/\",\"url\":\"https:\/\/camitimpianti.it\/fr\/hydrosablage-industriel\/\",\"name\":\"Hydrosablage industriel - Camit Impianti di Sabbiatura e Verniciatura\",\"isPartOf\":{\"@id\":\"https:\/\/camitimpianti.it\/it\/#website\"},\"primaryImageOfPage\":{\"@id\":\"https:\/\/camitimpianti.it\/fr\/hydrosablage-industriel\/#primaryimage\"},\"image\":{\"@id\":\"https:\/\/camitimpianti.it\/fr\/hydrosablage-industriel\/#primaryimage\"},\"thumbnailUrl\":\"https:\/\/www.camitimpianti.it\/img\/idrosabbitrice-Camit.jpg\",\"datePublished\":\"2017-05-19T10:12:55+00:00\",\"dateModified\":\"2023-08-11T09:10:54+00:00\",\"breadcrumb\":{\"@id\":\"https:\/\/camitimpianti.it\/fr\/hydrosablage-industriel\/#breadcrumb\"},\"inLanguage\":\"fr-FR\",\"potentialAction\":[{\"@type\":\"ReadAction\",\"target\":[\"https:\/\/camitimpianti.it\/fr\/hydrosablage-industriel\/\"]}]},{\"@type\":\"ImageObject\",\"inLanguage\":\"fr-FR\",\"@id\":\"https:\/\/camitimpianti.it\/fr\/hydrosablage-industriel\/#primaryimage\",\"url\":\"https:\/\/www.camitimpianti.it\/img\/idrosabbitrice-Camit.jpg\",\"contentUrl\":\"https:\/\/www.camitimpianti.it\/img\/idrosabbitrice-Camit.jpg\"},{\"@type\":\"BreadcrumbList\",\"@id\":\"https:\/\/camitimpianti.it\/fr\/hydrosablage-industriel\/#breadcrumb\",\"itemListElement\":[{\"@type\":\"ListItem\",\"position\":1,\"name\":\"Home\",\"item\":\"https:\/\/camitimpianti.it\/fr\/\"},{\"@type\":\"ListItem\",\"position\":2,\"name\":\"Hydrosablage industriel\"}]},{\"@type\":\"WebSite\",\"@id\":\"https:\/\/camitimpianti.it\/it\/#website\",\"url\":\"https:\/\/camitimpianti.it\/it\/\",\"name\":\"Camit Impianti di Sabbiatura e Verniciatura\",\"description\":\"\",\"publisher\":{\"@id\":\"https:\/\/camitimpianti.it\/it\/#organization\"},\"potentialAction\":[{\"@type\":\"SearchAction\",\"target\":{\"@type\":\"EntryPoint\",\"urlTemplate\":\"https:\/\/camitimpianti.it\/it\/?s={search_term_string}\"},\"query-input\":{\"@type\":\"PropertyValueSpecification\",\"valueRequired\":true,\"valueName\":\"search_term_string\"}}],\"inLanguage\":\"fr-FR\"},{\"@type\":\"Organization\",\"@id\":\"https:\/\/camitimpianti.it\/it\/#organization\",\"name\":\"Camit Impianti di Sabbiatura e Verniciatura\",\"url\":\"https:\/\/camitimpianti.it\/it\/\",\"logo\":{\"@type\":\"ImageObject\",\"inLanguage\":\"fr-FR\",\"@id\":\"https:\/\/camitimpianti.it\/it\/#\/schema\/logo\/image\/\",\"url\":\"https:\/\/camitimpianti.it\/wp-content\/uploads\/2023\/09\/cropped-LOGO-e-camit.png\",\"contentUrl\":\"https:\/\/camitimpianti.it\/wp-content\/uploads\/2023\/09\/cropped-LOGO-e-camit.png\",\"width\":434,\"height\":125,\"caption\":\"Camit Impianti di Sabbiatura e Verniciatura\"},\"image\":{\"@id\":\"https:\/\/camitimpianti.it\/it\/#\/schema\/logo\/image\/\"}}]}<\/script>\n<!-- \/ Yoast SEO plugin. -->","yoast_head_json":{"title":"Hydrosablage industriel - Camit Impianti di Sabbiatura e Verniciatura","robots":{"index":"index","follow":"follow","max-snippet":"max-snippet:-1","max-image-preview":"max-image-preview:large","max-video-preview":"max-video-preview:-1"},"canonical":"https:\/\/camitimpianti.it\/fr\/hydrosablage-industriel\/","og_locale":"fr_FR","og_type":"article","og_title":"Hydrosablage industriel - Camit Impianti di Sabbiatura e Verniciatura","og_description":"WETBLAST FLEX Clemco syst\u00e8me compact pour hydrosablage Wetblast Flex est un syst\u00e8me pour hydro-sablage industriel tout en un, tr\u00e8s flexible","og_url":"https:\/\/camitimpianti.it\/fr\/hydrosablage-industriel\/","og_site_name":"Camit Impianti di Sabbiatura e Verniciatura","article_modified_time":"2023-08-11T09:10:54+00:00","og_image":[{"url":"https:\/\/www.camitimpianti.it\/img\/idrosabbitrice-Camit.jpg","type":"","width":"","height":""}],"twitter_card":"summary_large_image","twitter_misc":{"Est. reading time":"2 minutes"},"schema":{"@context":"https:\/\/schema.org","@graph":[{"@type":"WebPage","@id":"https:\/\/camitimpianti.it\/fr\/hydrosablage-industriel\/","url":"https:\/\/camitimpianti.it\/fr\/hydrosablage-industriel\/","name":"Hydrosablage industriel - Camit Impianti di Sabbiatura e Verniciatura","isPartOf":{"@id":"https:\/\/camitimpianti.it\/it\/#website"},"primaryImageOfPage":{"@id":"https:\/\/camitimpianti.it\/fr\/hydrosablage-industriel\/#primaryimage"},"image":{"@id":"https:\/\/camitimpianti.it\/fr\/hydrosablage-industriel\/#primaryimage"},"thumbnailUrl":"https:\/\/www.camitimpianti.it\/img\/idrosabbitrice-Camit.jpg","datePublished":"2017-05-19T10:12:55+00:00","dateModified":"2023-08-11T09:10:54+00:00","breadcrumb":{"@id":"https:\/\/camitimpianti.it\/fr\/hydrosablage-industriel\/#breadcrumb"},"inLanguage":"fr-FR","potentialAction":[{"@type":"ReadAction","target":["https:\/\/camitimpianti.it\/fr\/hydrosablage-industriel\/"]}]},{"@type":"ImageObject","inLanguage":"fr-FR","@id":"https:\/\/camitimpianti.it\/fr\/hydrosablage-industriel\/#primaryimage","url":"https:\/\/www.camitimpianti.it\/img\/idrosabbitrice-Camit.jpg","contentUrl":"https:\/\/www.camitimpianti.it\/img\/idrosabbitrice-Camit.jpg"},{"@type":"BreadcrumbList","@id":"https:\/\/camitimpianti.it\/fr\/hydrosablage-industriel\/#breadcrumb","itemListElement":[{"@type":"ListItem","position":1,"name":"Home","item":"https:\/\/camitimpianti.it\/fr\/"},{"@type":"ListItem","position":2,"name":"Hydrosablage industriel"}]},{"@type":"WebSite","@id":"https:\/\/camitimpianti.it\/it\/#website","url":"https:\/\/camitimpianti.it\/it\/","name":"Camit Impianti di Sabbiatura e Verniciatura","description":"","publisher":{"@id":"https:\/\/camitimpianti.it\/it\/#organization"},"potentialAction":[{"@type":"SearchAction","target":{"@type":"EntryPoint","urlTemplate":"https:\/\/camitimpianti.it\/it\/?s={search_term_string}"},"query-input":{"@type":"PropertyValueSpecification","valueRequired":true,"valueName":"search_term_string"}}],"inLanguage":"fr-FR"},{"@type":"Organization","@id":"https:\/\/camitimpianti.it\/it\/#organization","name":"Camit Impianti di Sabbiatura e Verniciatura","url":"https:\/\/camitimpianti.it\/it\/","logo":{"@type":"ImageObject","inLanguage":"fr-FR","@id":"https:\/\/camitimpianti.it\/it\/#\/schema\/logo\/image\/","url":"https:\/\/camitimpianti.it\/wp-content\/uploads\/2023\/09\/cropped-LOGO-e-camit.png","contentUrl":"https:\/\/camitimpianti.it\/wp-content\/uploads\/2023\/09\/cropped-LOGO-e-camit.png","width":434,"height":125,"caption":"Camit Impianti di Sabbiatura e Verniciatura"},"image":{"@id":"https:\/\/camitimpianti.it\/it\/#\/schema\/logo\/image\/"}}]}},"_links":{"self":[{"href":"https:\/\/camitimpianti.it\/fr\/wp-json\/wp\/v2\/pages\/1131","targetHints":{"allow":["GET"]}}],"collection":[{"href":"https:\/\/camitimpianti.it\/fr\/wp-json\/wp\/v2\/pages"}],"about":[{"href":"https:\/\/camitimpianti.it\/fr\/wp-json\/wp\/v2\/types\/page"}],"author":[{"embeddable":true,"href":"https:\/\/camitimpianti.it\/fr\/wp-json\/wp\/v2\/users\/1"}],"replies":[{"embeddable":true,"href":"https:\/\/camitimpianti.it\/fr\/wp-json\/wp\/v2\/comments?post=1131"}],"version-history":[{"count":1,"href":"https:\/\/camitimpianti.it\/fr\/wp-json\/wp\/v2\/pages\/1131\/revisions"}],"predecessor-version":[{"id":1132,"href":"https:\/\/camitimpianti.it\/fr\/wp-json\/wp\/v2\/pages\/1131\/revisions\/1132"}],"wp:attachment":[{"href":"https:\/\/camitimpianti.it\/fr\/wp-json\/wp\/v2\/media?parent=1131"}],"curies":[{"name":"wp","href":"https:\/\/api.w.org\/{rel}","templated":true}]}}