{"id":1128,"date":"2017-05-19T09:51:39","date_gmt":"2017-05-19T09:51:39","guid":{"rendered":"http:\/\/www.camitimpianti.it\/?page_id=1128\/"},"modified":"2023-08-11T09:12:03","modified_gmt":"2023-08-11T09:12:03","slug":"aspirateur-dabrasif-industriel-air-comprime","status":"publish","type":"page","link":"https:\/\/camitimpianti.it\/fr\/sablage-jet-libre\/aspirateur-dabrasif-industriel-air-comprime\/","title":{"rendered":"Aspirateur d\u2019abrasif industriel \u00e0 air comprim\u00e9"},"content":{"rendered":"\n\t\t<!-- MasterSlider -->\n\t\t<div id=\"P_MS5acf18b31d7ca\" class=\"master-slider-parent msl ms-parent-id-27\" style=\"max-width:733px;\"  >\n\n\t\t\t\n\t\t\t<!-- MasterSlider Main -->\n\t\t\t<div id=\"MS5acf18b31d7ca\" class=\"master-slider ms-skin-default\" >\n\t\t\t\t \t\t\t\t \n\t\t\t\t<div  class=\"ms-slide\" data-delay=\"3\" data-fill-mode=\"fill\"  >\n\t\t\t\t\t<img decoding=\"async\" src=\"https:\/\/www.camitimpianti.it\/wp-content\/plugins\/master-slider\/public\/assets\/css\/blank.gif\" alt=\"\" title=\"\" data-src=\"https:\/\/www.camitimpianti.it\/wp-content\/uploads\/2016\/07\/aspiratori.jpg\" \/>\n\n\n\t<div class=\"ms-thumb\" ><div class=\"ms-tab-context\"><div class=&quot;ms-tab-context&quot;><\/div><\/div>\n<\/div>\n\t\t\t\t<\/div>\n\t\t\t\t<div  class=\"ms-slide\" data-delay=\"3\" data-fill-mode=\"fill\"  >\n\t\t\t\t\t<img decoding=\"async\" src=\"https:\/\/www.camitimpianti.it\/wp-content\/plugins\/master-slider\/public\/assets\/css\/blank.gif\" alt=\"\" title=\"\" data-src=\"https:\/\/www.camitimpianti.it\/wp-content\/uploads\/2016\/07\/opzioni-mb220e3.jpg\" \/>\n\n\n\t<div class=\"ms-thumb\" ><div class=\"ms-tab-context\"><div class=&quot;ms-tab-context&quot;><\/div><\/div>\n<\/div>\n\t\t\t\t<\/div>\n\n\t\t\t<\/div>\n\t\t\t<!-- END MasterSlider Main -->\n\n\t\t\t \n\t\t<\/div>\n\t\t<!-- END MasterSlider -->\n\n\t\t<script>\n\t\t(function ( $ ) {\n\t\t\t\"use strict\";\n\n\t\t\t$(function () {\n\t\t\t\tvar masterslider_d7ca = new MasterSlider();\n\n\t\t\t\t\/\/ slider controls\n\n\t\t\t\t\/\/ slider setup\n\t\t\t\tmasterslider_d7ca.setup(\"MS5acf18b31d7ca\", {\n\t\t\t\t\t\twidth           : 733,\n\t\t\t\t\t\theight          : 400,\n\t\t\t\t\t\tminHeight       : 0,\n\t\t\t\t\t\tspace           : 0,\n\t\t\t\t\t\tstart           : 1,\n\t\t\t\t\t\tgrabCursor      : true,\n\t\t\t\t\t\tswipe           : true,\n\t\t\t\t\t\tmouse           : true,\n\t\t\t\t\t\tlayout          : \"boxed\",\n\t\t\t\t\t\twheel           : false,\n\t\t\t\t\t\tautoplay        : true,\n\t\t\t\t\t\tinstantStartLayers:false,\n\t\t\t\t\t\tloop            : false,\n\t\t\t\t\t\tshuffle         : false,\n\t\t\t\t\t\tpreload         : 0,\n\t\t\t\t\t\theightLimit     : true,\n\t\t\t\t\t\tautoHeight      : false,\n\t\t\t\t\t\tsmoothHeight    : true,\n\t\t\t\t\t\tendPause        : false,\n\t\t\t\t\t\toverPause       : true,\n\t\t\t\t\t\tfillMode        : \"fill\",\n\t\t\t\t\t\tcenterControls  : true,\n\t\t\t\t\t\tstartOnAppear   : false,\n\t\t\t\t\t\tlayersMode      : \"center\",\n\t\t\t\t\t\thideLayers      : false,\n\t\t\t\t\t\tfullscreenMargin: 0,\n\t\t\t\t\t\tspeed           : 20,\n\t\t\t\t\t\tdir             : \"h\",\n\t\t\t\t\t\tparallaxMode    : 'swipe',\n\t\t\t\t\t\tview            : \"basic\"\n\t\t\t\t});\n\n\t\t\t\t\n\t\t\t\twindow.masterslider_instances = window.masterslider_instances || [];\n\t\t\t\twindow.masterslider_instances.push( masterslider_d7ca );\n\t\t\t });\n\n\t\t})(jQuery);\n\t\t<\/script>\n\n\n<h3 style=\"text-align: center;\"><\/h3>\n<h3 style=\"text-align: center;\"><strong>Aspirateurs d\u2019abrasif MB 750 E4 \/ MB 1600 E5 \/ MB 220 E3<\/strong><\/h3>\n<h4>Ce type d\u2019aspirateurs est particuli\u00e8rement adapt\u00e9 pour le ramassage des abrasifs dispers\u00e9s au sol et entre les parties cave des produits manufactur\u00e9s.<\/h4>\n<h4>Syst\u00e8me complet r\u00e9alis\u00e9 en conformit\u00e9 des normes avec crit\u00e8res fonctionnels de s\u00e9curit\u00e9 et id\u00e9al pour phases d\u2019exploitations dans chantiers mobiles.<\/h4>\n<h4><\/h4>\n<h3><strong>Dispositifs de s\u00e9curit\u00e9<\/strong><\/h3>\n<ul>\n<li>Pourvus de vanne de s\u00e9curit\u00e9 pour \u00e9viter le surcharge en cas de resserrement du tuyau flexible pour l\u2019aspiration et pour prot\u00e9ger le moteur \u00e9lectrique.<\/li>\n<li>C\u00e2ble pilote prot\u00e9g\u00e9 par fusibles automatiques.<\/li>\n<li>Interrupteur principal, autobloquant.<\/li>\n<li>Bouton d\u2019arr\u00eat d\u2019urgence sur le panneau de contr\u00f4le.<\/li>\n<li>Voltage 24 V CA\/CC.<\/li>\n<\/ul>\n<h3 style=\"text-align: center;\"><strong>Sp\u00e9cifications techniques g\u00e9n\u00e9rales<\/strong><\/h3>\n<table border=\"2\" width=\"718\">\n<tbody>\n<tr>\n<td width=\"208\"><\/td>\n<td width=\"178\"><em><strong><u>MB 750 E4<\/u><\/strong><\/em><\/td>\n<td width=\"178\"><em><strong><u>MB 1600 E5<\/u><\/strong><\/em><\/td>\n<td width=\"188\"><em><strong><u>MB 220 E3<\/u><\/strong><\/em><\/td>\n<\/tr>\n<tr>\n<td width=\"208\"><em>Quantit\u00e9 de mat\u00e9riel r\u00e9cup\u00e9r\u00e9<\/em><\/td>\n<td width=\"178\">2-6 t\/h environ<\/td>\n<td width=\"178\">3-10 t\/h environ<\/td>\n<td width=\"188\">4 t\/h environ<\/td>\n<\/tr>\n<tr>\n<td width=\"208\"><em>Distance maximale<\/em><\/td>\n<td width=\"178\">30 MT<\/td>\n<td width=\"178\">30 MT<\/td>\n<td width=\"188\">10 MT<\/td>\n<\/tr>\n<tr>\n<td width=\"208\"><em>Moteur \u00e9lectrique<\/em><\/td>\n<td width=\"178\">15 kW, classe F et protection IP55<\/td>\n<td width=\"178\">30 kW, classe F et protection IP55<\/td>\n<td width=\"188\">5,5 kW , classe F et protection IP55<\/td>\n<\/tr>\n<tr>\n<td width=\"208\"><em>Puissance<\/em><\/td>\n<td width=\"178\">13 kW<\/td>\n<td width=\"178\">26 kW<\/td>\n<td width=\"188\">5 kW<\/td>\n<\/tr>\n<tr>\n<td width=\"208\"><em>Port\u00e9e<\/em><\/td>\n<td width=\"178\">11 m3\/min \u00e0 vide de\u00a0 500 mbar<\/td>\n<td width=\"178\">24 m3\/min \u00e0 vide de 500 mbar<\/td>\n<td width=\"188\">220 m3\/h \u00e0 vide de 500 mbar<\/td>\n<\/tr>\n<tr>\n<td width=\"208\"><em>Filtre poussi\u00e8res<\/em><\/td>\n<td width=\"178\">Cartouche filtrante en polyester \u00e0 haute efficacit\u00e9<\/td>\n<td width=\"178\">Cartouche filtrante en polyester \u00e0 haute efficacit\u00e9<\/td>\n<td width=\"188\">Cartouche filtrante en polyester \u00e0 haute efficacit\u00e9<\/td>\n<\/tr>\n<tr>\n<td width=\"208\"><em>Surface de filtrage <\/em><\/td>\n<td width=\"178\">6,4 m 2<\/td>\n<td width=\"178\">20 m 2<\/td>\n<td width=\"188\">2,5 m 2<\/td>\n<\/tr>\n<tr>\n<td width=\"208\"><em>N\u00b0 Cartouches Filtrantes<\/em><\/td>\n<td width=\"178\">1<\/td>\n<td width=\"178\">2<\/td>\n<td width=\"188\">1<\/td>\n<\/tr>\n<tr>\n<td width=\"208\"><em>Syst\u00e8me nettoyage filtre<\/em><\/td>\n<td width=\"178\">Automatique \u00e0 jets d\u2019air comprim\u00e9, g\u00e9r\u00e9e par un minuteur PLC r\u00e9glable.<\/td>\n<td width=\"178\">Automatique \u00e0 jets d\u2019air comprim\u00e9, g\u00e9r\u00e9e par un minuteur PLC r\u00e9glable.<\/td>\n<td width=\"188\">Automatique \u00e0 jets d\u2019air comprim\u00e9, g\u00e9r\u00e9e par un minuteur \u00e9lectronique r\u00e9glable.<\/td>\n<\/tr>\n<tr>\n<td width=\"208\"><em>Niveau de bruit<\/em><\/td>\n<td width=\"178\">\u2264 85 dB(A), \u00e0 un m\u00e8tre de distance<\/td>\n<td width=\"178\">\u2264 85 dB(A), \u00e0 un m\u00e8tre de distance<\/td>\n<td width=\"188\">\u2264 72 dB(A), \u00e0 un m\u00e8tre de distance<\/td>\n<\/tr>\n<tr>\n<td width=\"208\"><em>Dimensions<\/em><\/td>\n<td width=\"178\">1743x966x2172<\/td>\n<td width=\"178\">2335x1500x2380<\/td>\n<td width=\"188\">1211x650x1764<\/td>\n<\/tr>\n<tr>\n<td width=\"208\"><em>Poids<\/em><\/td>\n<td width=\"178\">800 kg<\/td>\n<td width=\"178\">1900 kg<\/td>\n<td width=\"188\">295 kg<\/td>\n<\/tr>\n<\/tbody>\n<\/table>\n","protected":false},"excerpt":{"rendered":"<p>Aspirateurs d\u2019abrasif MB 750 E4 \/ MB 1600 E5 \/ MB 220 E3 Ce type d\u2019aspirateurs est particuli\u00e8rement adapt\u00e9 pour<\/p>\n","protected":false},"author":1,"featured_media":0,"parent":1121,"menu_order":1,"comment_status":"closed","ping_status":"open","template":"","meta":{"colormag_page_container_layout":"default_layout","colormag_page_sidebar_layout":"default_layout","footnotes":""},"class_list":["post-1128","page","type-page","status-publish","hentry"],"yoast_head":"<!-- This site is optimized with the Yoast SEO plugin v27.1.1 - https:\/\/yoast.com\/product\/yoast-seo-wordpress\/ -->\n<title>Aspirateur d\u2019abrasif industriel \u00e0 air comprim\u00e9 - Camit Impianti di Sabbiatura e Verniciatura<\/title>\n<meta name=\"robots\" content=\"index, follow, max-snippet:-1, max-image-preview:large, max-video-preview:-1\" \/>\n<link rel=\"canonical\" href=\"https:\/\/camitimpianti.it\/fr\/sablage-jet-libre\/aspirateur-dabrasif-industriel-air-comprime\/\" \/>\n<meta property=\"og:locale\" content=\"fr_FR\" \/>\n<meta property=\"og:type\" content=\"article\" \/>\n<meta property=\"og:title\" content=\"Aspirateur d\u2019abrasif industriel \u00e0 air comprim\u00e9 - Camit Impianti di Sabbiatura e Verniciatura\" \/>\n<meta property=\"og:description\" content=\"Aspirateurs d\u2019abrasif MB 750 E4 \/ MB 1600 E5 \/ MB 220 E3 Ce type d\u2019aspirateurs est particuli\u00e8rement adapt\u00e9 pour\" \/>\n<meta property=\"og:url\" content=\"https:\/\/camitimpianti.it\/fr\/sablage-jet-libre\/aspirateur-dabrasif-industriel-air-comprime\/\" \/>\n<meta property=\"og:site_name\" content=\"Camit Impianti di Sabbiatura e Verniciatura\" \/>\n<meta property=\"article:modified_time\" content=\"2023-08-11T09:12:03+00:00\" \/>\n<meta name=\"twitter:card\" content=\"summary_large_image\" \/>\n<meta name=\"twitter:label1\" content=\"Est. reading time\" \/>\n\t<meta name=\"twitter:data1\" content=\"2 minutes\" \/>\n<script type=\"application\/ld+json\" class=\"yoast-schema-graph\">{\"@context\":\"https:\/\/schema.org\",\"@graph\":[{\"@type\":\"WebPage\",\"@id\":\"https:\/\/camitimpianti.it\/fr\/sablage-jet-libre\/aspirateur-dabrasif-industriel-air-comprime\/\",\"url\":\"https:\/\/camitimpianti.it\/fr\/sablage-jet-libre\/aspirateur-dabrasif-industriel-air-comprime\/\",\"name\":\"Aspirateur d\u2019abrasif industriel \u00e0 air comprim\u00e9 - Camit Impianti di Sabbiatura e Verniciatura\",\"isPartOf\":{\"@id\":\"https:\/\/camitimpianti.it\/it\/#website\"},\"datePublished\":\"2017-05-19T09:51:39+00:00\",\"dateModified\":\"2023-08-11T09:12:03+00:00\",\"breadcrumb\":{\"@id\":\"https:\/\/camitimpianti.it\/fr\/sablage-jet-libre\/aspirateur-dabrasif-industriel-air-comprime\/#breadcrumb\"},\"inLanguage\":\"fr-FR\",\"potentialAction\":[{\"@type\":\"ReadAction\",\"target\":[\"https:\/\/camitimpianti.it\/fr\/sablage-jet-libre\/aspirateur-dabrasif-industriel-air-comprime\/\"]}]},{\"@type\":\"BreadcrumbList\",\"@id\":\"https:\/\/camitimpianti.it\/fr\/sablage-jet-libre\/aspirateur-dabrasif-industriel-air-comprime\/#breadcrumb\",\"itemListElement\":[{\"@type\":\"ListItem\",\"position\":1,\"name\":\"Home\",\"item\":\"https:\/\/camitimpianti.it\/fr\/\"},{\"@type\":\"ListItem\",\"position\":2,\"name\":\"Sablage \u00e1 jet libre\",\"item\":\"https:\/\/camitimpianti.it\/fr\/sablage-jet-libre\/\"},{\"@type\":\"ListItem\",\"position\":3,\"name\":\"Aspirateur d\u2019abrasif industriel \u00e0 air comprim\u00e9\"}]},{\"@type\":\"WebSite\",\"@id\":\"https:\/\/camitimpianti.it\/it\/#website\",\"url\":\"https:\/\/camitimpianti.it\/it\/\",\"name\":\"Camit Impianti di Sabbiatura e Verniciatura\",\"description\":\"\",\"publisher\":{\"@id\":\"https:\/\/camitimpianti.it\/it\/#organization\"},\"potentialAction\":[{\"@type\":\"SearchAction\",\"target\":{\"@type\":\"EntryPoint\",\"urlTemplate\":\"https:\/\/camitimpianti.it\/it\/?s={search_term_string}\"},\"query-input\":{\"@type\":\"PropertyValueSpecification\",\"valueRequired\":true,\"valueName\":\"search_term_string\"}}],\"inLanguage\":\"fr-FR\"},{\"@type\":\"Organization\",\"@id\":\"https:\/\/camitimpianti.it\/it\/#organization\",\"name\":\"Camit Impianti di Sabbiatura e Verniciatura\",\"url\":\"https:\/\/camitimpianti.it\/it\/\",\"logo\":{\"@type\":\"ImageObject\",\"inLanguage\":\"fr-FR\",\"@id\":\"https:\/\/camitimpianti.it\/it\/#\/schema\/logo\/image\/\",\"url\":\"https:\/\/camitimpianti.it\/wp-content\/uploads\/2023\/09\/cropped-LOGO-e-camit.png\",\"contentUrl\":\"https:\/\/camitimpianti.it\/wp-content\/uploads\/2023\/09\/cropped-LOGO-e-camit.png\",\"width\":434,\"height\":125,\"caption\":\"Camit Impianti di Sabbiatura e Verniciatura\"},\"image\":{\"@id\":\"https:\/\/camitimpianti.it\/it\/#\/schema\/logo\/image\/\"}}]}<\/script>\n<!-- \/ Yoast SEO plugin. -->","yoast_head_json":{"title":"Aspirateur d\u2019abrasif industriel \u00e0 air comprim\u00e9 - Camit Impianti di Sabbiatura e Verniciatura","robots":{"index":"index","follow":"follow","max-snippet":"max-snippet:-1","max-image-preview":"max-image-preview:large","max-video-preview":"max-video-preview:-1"},"canonical":"https:\/\/camitimpianti.it\/fr\/sablage-jet-libre\/aspirateur-dabrasif-industriel-air-comprime\/","og_locale":"fr_FR","og_type":"article","og_title":"Aspirateur d\u2019abrasif industriel \u00e0 air comprim\u00e9 - Camit Impianti di Sabbiatura e Verniciatura","og_description":"Aspirateurs d\u2019abrasif MB 750 E4 \/ MB 1600 E5 \/ MB 220 E3 Ce type d\u2019aspirateurs est particuli\u00e8rement adapt\u00e9 pour","og_url":"https:\/\/camitimpianti.it\/fr\/sablage-jet-libre\/aspirateur-dabrasif-industriel-air-comprime\/","og_site_name":"Camit Impianti di Sabbiatura e Verniciatura","article_modified_time":"2023-08-11T09:12:03+00:00","twitter_card":"summary_large_image","twitter_misc":{"Est. reading time":"2 minutes"},"schema":{"@context":"https:\/\/schema.org","@graph":[{"@type":"WebPage","@id":"https:\/\/camitimpianti.it\/fr\/sablage-jet-libre\/aspirateur-dabrasif-industriel-air-comprime\/","url":"https:\/\/camitimpianti.it\/fr\/sablage-jet-libre\/aspirateur-dabrasif-industriel-air-comprime\/","name":"Aspirateur d\u2019abrasif industriel \u00e0 air comprim\u00e9 - Camit Impianti di Sabbiatura e Verniciatura","isPartOf":{"@id":"https:\/\/camitimpianti.it\/it\/#website"},"datePublished":"2017-05-19T09:51:39+00:00","dateModified":"2023-08-11T09:12:03+00:00","breadcrumb":{"@id":"https:\/\/camitimpianti.it\/fr\/sablage-jet-libre\/aspirateur-dabrasif-industriel-air-comprime\/#breadcrumb"},"inLanguage":"fr-FR","potentialAction":[{"@type":"ReadAction","target":["https:\/\/camitimpianti.it\/fr\/sablage-jet-libre\/aspirateur-dabrasif-industriel-air-comprime\/"]}]},{"@type":"BreadcrumbList","@id":"https:\/\/camitimpianti.it\/fr\/sablage-jet-libre\/aspirateur-dabrasif-industriel-air-comprime\/#breadcrumb","itemListElement":[{"@type":"ListItem","position":1,"name":"Home","item":"https:\/\/camitimpianti.it\/fr\/"},{"@type":"ListItem","position":2,"name":"Sablage \u00e1 jet libre","item":"https:\/\/camitimpianti.it\/fr\/sablage-jet-libre\/"},{"@type":"ListItem","position":3,"name":"Aspirateur d\u2019abrasif industriel \u00e0 air comprim\u00e9"}]},{"@type":"WebSite","@id":"https:\/\/camitimpianti.it\/it\/#website","url":"https:\/\/camitimpianti.it\/it\/","name":"Camit Impianti di Sabbiatura e Verniciatura","description":"","publisher":{"@id":"https:\/\/camitimpianti.it\/it\/#organization"},"potentialAction":[{"@type":"SearchAction","target":{"@type":"EntryPoint","urlTemplate":"https:\/\/camitimpianti.it\/it\/?s={search_term_string}"},"query-input":{"@type":"PropertyValueSpecification","valueRequired":true,"valueName":"search_term_string"}}],"inLanguage":"fr-FR"},{"@type":"Organization","@id":"https:\/\/camitimpianti.it\/it\/#organization","name":"Camit Impianti di Sabbiatura e Verniciatura","url":"https:\/\/camitimpianti.it\/it\/","logo":{"@type":"ImageObject","inLanguage":"fr-FR","@id":"https:\/\/camitimpianti.it\/it\/#\/schema\/logo\/image\/","url":"https:\/\/camitimpianti.it\/wp-content\/uploads\/2023\/09\/cropped-LOGO-e-camit.png","contentUrl":"https:\/\/camitimpianti.it\/wp-content\/uploads\/2023\/09\/cropped-LOGO-e-camit.png","width":434,"height":125,"caption":"Camit Impianti di Sabbiatura e Verniciatura"},"image":{"@id":"https:\/\/camitimpianti.it\/it\/#\/schema\/logo\/image\/"}}]}},"_links":{"self":[{"href":"https:\/\/camitimpianti.it\/fr\/wp-json\/wp\/v2\/pages\/1128","targetHints":{"allow":["GET"]}}],"collection":[{"href":"https:\/\/camitimpianti.it\/fr\/wp-json\/wp\/v2\/pages"}],"about":[{"href":"https:\/\/camitimpianti.it\/fr\/wp-json\/wp\/v2\/types\/page"}],"author":[{"embeddable":true,"href":"https:\/\/camitimpianti.it\/fr\/wp-json\/wp\/v2\/users\/1"}],"replies":[{"embeddable":true,"href":"https:\/\/camitimpianti.it\/fr\/wp-json\/wp\/v2\/comments?post=1128"}],"version-history":[{"count":1,"href":"https:\/\/camitimpianti.it\/fr\/wp-json\/wp\/v2\/pages\/1128\/revisions"}],"predecessor-version":[{"id":1129,"href":"https:\/\/camitimpianti.it\/fr\/wp-json\/wp\/v2\/pages\/1128\/revisions\/1129"}],"up":[{"embeddable":true,"href":"https:\/\/camitimpianti.it\/fr\/wp-json\/wp\/v2\/pages\/1121"}],"wp:attachment":[{"href":"https:\/\/camitimpianti.it\/fr\/wp-json\/wp\/v2\/media?parent=1128"}],"curies":[{"name":"wp","href":"https:\/\/api.w.org\/{rel}","templated":true}]}}