{"id":1117,"date":"2017-05-19T08:13:11","date_gmt":"2017-05-19T08:13:11","guid":{"rendered":"http:\/\/www.camitimpianti.it\/?page_id=1117\/"},"modified":"2023-08-11T08:59:23","modified_gmt":"2023-08-11T08:59:23","slug":"camit-installations-de-sablage-et-peinture","status":"publish","type":"page","link":"https:\/\/camitimpianti.it\/fr\/","title":{"rendered":"Camit Installations de Sablage et Peinture"},"content":{"rendered":"<div id=\"allegati\">\n<h3 id=\"bh2\">Brochure et annexes:<\/h3>\n<p><a href=\"https:\/\/www.camitimpianti.it\/schede\/generale Camit_ LR.pdf\">Brochure generale Camit<\/a><br \/>\n<a href=\"https:\/\/www.camitimpianti.it\/schede\/Cabine per attivita mista di sabbiatura e verniciatura.pdf\" target=\"_blank\" rel=\"noopener\">Cabine per attivita mista di sabbiatura e verniciatura<\/a><\/p>\n<\/div>\n<h3>Installations industrielles pour le traitement des surfaces m\u00e9talliques<br \/>\n(pr\u00e9paration, finissage, nettoyage)<\/h3>\n<ul>\n<li><u>Installations de sablage<\/u><\/li>\n<li><u>Cabines pour peinture<\/u><\/li>\n<li>Installations mixtes pour sablage et peinture<\/li>\n<li>Installations pour M\u00e9tallisation<\/li>\n<li>Cabines pour Lavage<\/li>\n<li>Installations sp\u00e9ciales (grands produits manufactur\u00e9s\/ouvraisons mixtes)<\/li>\n<\/ul>\n<p>&nbsp;<\/p>\n<p>SECTEURS D\u2019INTERVENTION<\/p>\n<p>Charpenterie et Constructions M\u00e9talliques,<br \/>\nInstallations Chimiques, P\u00e9troli\u00e8res, d\u2019Epuration,<br \/>\nThermo\u00e9lectriques, Nucl\u00e9aires,<br \/>\nPonts Routiers ou Ferroviaires,<br \/>\nGrue et mat\u00e9riel de Construction,<br \/>\nMachines-Outils, pour la transformation et Traitements des m\u00e9taux et de tout en g\u00e9n\u00e9ral,<br \/>\nCarrosseries Industrielles et de moyens de transport, Fonderies,<br \/>\n\u00c9lectrotechnique, \u00c9lectronique, Installations \u00e9lectriques,<br \/>\nTuyaux, Profil\u00e9s, T\u00f4les, et Pi\u00e8ces M\u00e9talliques,<br \/>\nBois (enl\u00e8vement des peintures ou vieillissement), Verre (satinage),<br \/>\nConstructions avec aciers sp\u00e9ciaux (Inox, Titanium, Alliages)<\/p>\n<p>&nbsp;<\/p>\n<p>COMP\u00c9TENCES<\/p>\n<ul>\n<li>Conception et \u00e9valuations de faisabilit\u00e9<\/li>\n<li>Handling D\u00e9placement des pi\u00e8ces<\/li>\n<li>R\u00e9duction du Bruit<\/li>\n<li>Simulations (avec utilisation software)<\/li>\n<li>\u00c9missions contr\u00f4l\u00e9es<\/li>\n<li>\u00c9conomie d\u2019\u00e9nergie<\/li>\n<\/ul>\n<p>&nbsp;<\/p>\n<p>CAMIT s\u2019est sp\u00e9cialis\u00e9e dans la livraison d\u2019installations pour le traitement des surfaces m\u00e9talliques et elle offre l\u2019ensemble de la ligne de production (lavage, sablage, m\u00e9tallisation, s\u00e9chage) ainsi que le syst\u00e8me plus appropri\u00e9 de d\u00e9placement de la pi\u00e8ce (sur chariot en roulement sur rail, sur monorail pour traverser les cabines ou \u00e9ventuelle pr\u00e9disposition pour l\u2019utilisation du pont roulant).<br \/>\n\u2013 Les installations peuvent \u00eatre r\u00e9alis\u00e9es en toutes les dimensions, pour ouvraisons sur produits manufactur\u00e9s grands et petits qui n\u00e9cessitent le traitement manuel avec op\u00e9rateur et sont livr\u00e9es avec plateformes op\u00e9rateur mobiles de translation ou fixes.<br \/>\n\u2013 CAMIT fournit un projet sp\u00e9cifique et une solution technique ad hoc pour le Client, en identifiant les exigences sp\u00e9cifiques et en analysant les \u00e9ventuels probl\u00e8mes, jusqu\u2019\u00e0 la r\u00e9alisation d\u2019une installation compl\u00e8te cl\u00e9s en main hautement efficace. \u00a0CAMIT propose aussi une appr\u00e9ciation de la faisabilit\u00e9 du projet, de la meilleure solution productive \u00e0 adopter pour le Client, ainsi que l\u2019impact environnemental de l\u2019investissement.<br \/>\n\u2013 CAMIT d\u00e9veloppe le projet complet d\u00e8s les fondations des b\u00e2timents, si n\u00e9cessaires \u00e0 la mise en place de l\u2019installation, d\u00e9veloppe au niveau interne la programmation ex\u00e9cutive et la construction des parties jusqu\u2019\u00e0 la fourniture in loco, \u00e0 l\u2019assemblage avec experts techniques et \u00e0 l\u2019essai final de l\u2019installation.<br \/>\n\u2013 CAMIT est active sur l\u2019ensemble du territoire national et international,\u00a0 en offrant services d\u2019installation, support technique et maintenance programm\u00e9s.<br \/>\n\u2013 L\u2019essai final a lieu \u00e0 l\u2019aide d\u2019appareils de mesure appropri\u00e9s des performances de l\u2019installation (d\u00e9bit, vitesse de l\u2019air, pression, lux, et niveau sonore), fourniture du report accompagn\u00e9 de certificats et apprentissage\/formation des op\u00e9rateurs.<br \/>\n\u2013 L\u2019entreprise est certifi\u00e9e \u00a0ISO9001, surtout utilise composants fabriqu\u00e9s en Italie et fournisseurs certifi\u00e9s.<br \/>\n\u2013 CAMIT poss\u00e8de plus de vingt ans d\u2019exp\u00e9rience lors de la conception et fourniture d\u2019installations de sablage avec des centaines de r\u00e9alisations (en Italie et \u00e0 l\u2019\u00e9tranger).<br \/>\n\u2013 Les cabines, r\u00e9alis\u00e9es \u00e0 partir d\u2019\u00e9l\u00e9ments modulaires, permettent d\u2019accro\u00eetre la rapidit\u00e9 pour l\u2019assemblage et la possibilit\u00e9 d\u2019apporter des modifications dans le temps (par exemple d\u00e9placements et\/ou extensions).<br \/>\n\u2013 Une meilleure r\u00e9sistance \u00e0 l\u2019usure et dur\u00e9e dans le temps de l\u2019installation est garantie par la fiabilit\u00e9 constructive, la qualit\u00e9 \u00e9lev\u00e9e des composants et le soin des d\u00e9tails.<br \/>\n\u2013 Les installations CAMIT se caract\u00e9risent par les syst\u00e8mes de filtrage avec flux d\u2019aspiration contr\u00f4l\u00e9 qui assure une excellente visibilit\u00e9 m\u00eame lors de l\u2019ouvraison de sablage et une vitesse de circulation de l\u2019air dans les cabines de peinture appropri\u00e9e, conform\u00e9ment \u00e0 la l\u00e9gislation en vigueur en mati\u00e8re d\u2019\u00e9missions atmosph\u00e9riques et\u00a0 de s\u00e9curit\u00e9 pour les op\u00e9rateurs.<\/p>\n<p>&nbsp;<\/p>\n<p style=\"text-align: center;\"><img loading=\"lazy\" decoding=\"async\" class=\"wp-image-848 size-full alignnone\" src=\"https:\/\/www.camitimpianti.it\/wp-content\/uploads\/2015\/07\/tuv.jpg\" alt=\"tuv\" width=\"750\" height=\"141\" srcset=\"https:\/\/camitimpianti.it\/wp-content\/uploads\/2015\/07\/tuv.jpg 750w, https:\/\/camitimpianti.it\/wp-content\/uploads\/2015\/07\/tuv-300x56.jpg 300w\" sizes=\"auto, (max-width: 750px) 100vw, 750px\" \/><\/p>\n","protected":false},"excerpt":{"rendered":"<p>Brochure et annexes: Brochure generale Camit Cabine per attivita mista di sabbiatura e verniciatura Installations industrielles pour le traitement des<\/p>\n","protected":false},"author":1,"featured_media":0,"parent":0,"menu_order":0,"comment_status":"closed","ping_status":"open","template":"","meta":{"colormag_page_container_layout":"default_layout","colormag_page_sidebar_layout":"default_layout","footnotes":""},"class_list":["post-1117","page","type-page","status-publish","hentry"],"yoast_head":"<!-- This site is optimized with the Yoast SEO plugin v27.1.1 - https:\/\/yoast.com\/product\/yoast-seo-wordpress\/ -->\n<title>Camit Installations de Sablage et Peinture - Camit Impianti di Sabbiatura e Verniciatura<\/title>\n<meta name=\"robots\" content=\"index, follow, max-snippet:-1, max-image-preview:large, max-video-preview:-1\" \/>\n<link rel=\"canonical\" href=\"https:\/\/camitimpianti.it\/fr\/\" \/>\n<meta property=\"og:locale\" content=\"fr_FR\" \/>\n<meta property=\"og:type\" content=\"article\" \/>\n<meta property=\"og:title\" content=\"Camit Installations de Sablage et Peinture - Camit Impianti di Sabbiatura e Verniciatura\" \/>\n<meta property=\"og:description\" content=\"Brochure et annexes: Brochure generale Camit Cabine per attivita mista di sabbiatura e verniciatura Installations industrielles pour le traitement des\" \/>\n<meta property=\"og:url\" content=\"https:\/\/camitimpianti.it\/fr\/\" \/>\n<meta property=\"og:site_name\" content=\"Camit Impianti di Sabbiatura e Verniciatura\" \/>\n<meta property=\"article:modified_time\" content=\"2023-08-11T08:59:23+00:00\" \/>\n<meta property=\"og:image\" content=\"https:\/\/www.camitimpianti.it\/wp-content\/uploads\/2015\/07\/tuv.jpg\" \/>\n<meta name=\"twitter:card\" content=\"summary_large_image\" \/>\n<meta name=\"twitter:label1\" content=\"Est. reading time\" \/>\n\t<meta name=\"twitter:data1\" content=\"4 minutes\" \/>\n<script type=\"application\/ld+json\" class=\"yoast-schema-graph\">{\"@context\":\"https:\/\/schema.org\",\"@graph\":[{\"@type\":\"WebPage\",\"@id\":\"https:\/\/camitimpianti.it\/fr\/\",\"url\":\"https:\/\/camitimpianti.it\/fr\/\",\"name\":\"Camit Installations de Sablage et Peinture - Camit Impianti di Sabbiatura e Verniciatura\",\"isPartOf\":{\"@id\":\"https:\/\/camitimpianti.it\/it\/#website\"},\"primaryImageOfPage\":{\"@id\":\"https:\/\/camitimpianti.it\/fr\/#primaryimage\"},\"image\":{\"@id\":\"https:\/\/camitimpianti.it\/fr\/#primaryimage\"},\"thumbnailUrl\":\"https:\/\/www.camitimpianti.it\/wp-content\/uploads\/2015\/07\/tuv.jpg\",\"datePublished\":\"2017-05-19T08:13:11+00:00\",\"dateModified\":\"2023-08-11T08:59:23+00:00\",\"breadcrumb\":{\"@id\":\"https:\/\/camitimpianti.it\/fr\/#breadcrumb\"},\"inLanguage\":\"fr-FR\",\"potentialAction\":[{\"@type\":\"ReadAction\",\"target\":[\"https:\/\/camitimpianti.it\/fr\/\"]}]},{\"@type\":\"ImageObject\",\"inLanguage\":\"fr-FR\",\"@id\":\"https:\/\/camitimpianti.it\/fr\/#primaryimage\",\"url\":\"https:\/\/www.camitimpianti.it\/wp-content\/uploads\/2015\/07\/tuv.jpg\",\"contentUrl\":\"https:\/\/www.camitimpianti.it\/wp-content\/uploads\/2015\/07\/tuv.jpg\"},{\"@type\":\"BreadcrumbList\",\"@id\":\"https:\/\/camitimpianti.it\/fr\/#breadcrumb\",\"itemListElement\":[{\"@type\":\"ListItem\",\"position\":1,\"name\":\"Home\",\"item\":\"https:\/\/camitimpianti.it\/fr\/\"},{\"@type\":\"ListItem\",\"position\":2,\"name\":\"Camit Installations de Sablage et Peinture\"}]},{\"@type\":\"WebSite\",\"@id\":\"https:\/\/camitimpianti.it\/it\/#website\",\"url\":\"https:\/\/camitimpianti.it\/it\/\",\"name\":\"Camit Impianti di Sabbiatura e Verniciatura\",\"description\":\"\",\"publisher\":{\"@id\":\"https:\/\/camitimpianti.it\/it\/#organization\"},\"potentialAction\":[{\"@type\":\"SearchAction\",\"target\":{\"@type\":\"EntryPoint\",\"urlTemplate\":\"https:\/\/camitimpianti.it\/it\/?s={search_term_string}\"},\"query-input\":{\"@type\":\"PropertyValueSpecification\",\"valueRequired\":true,\"valueName\":\"search_term_string\"}}],\"inLanguage\":\"fr-FR\"},{\"@type\":\"Organization\",\"@id\":\"https:\/\/camitimpianti.it\/it\/#organization\",\"name\":\"Camit Impianti di Sabbiatura e Verniciatura\",\"url\":\"https:\/\/camitimpianti.it\/it\/\",\"logo\":{\"@type\":\"ImageObject\",\"inLanguage\":\"fr-FR\",\"@id\":\"https:\/\/camitimpianti.it\/it\/#\/schema\/logo\/image\/\",\"url\":\"https:\/\/camitimpianti.it\/wp-content\/uploads\/2023\/09\/cropped-LOGO-e-camit.png\",\"contentUrl\":\"https:\/\/camitimpianti.it\/wp-content\/uploads\/2023\/09\/cropped-LOGO-e-camit.png\",\"width\":434,\"height\":125,\"caption\":\"Camit Impianti di Sabbiatura e Verniciatura\"},\"image\":{\"@id\":\"https:\/\/camitimpianti.it\/it\/#\/schema\/logo\/image\/\"}}]}<\/script>\n<!-- \/ Yoast SEO plugin. -->","yoast_head_json":{"title":"Camit Installations de Sablage et Peinture - Camit Impianti di Sabbiatura e Verniciatura","robots":{"index":"index","follow":"follow","max-snippet":"max-snippet:-1","max-image-preview":"max-image-preview:large","max-video-preview":"max-video-preview:-1"},"canonical":"https:\/\/camitimpianti.it\/fr\/","og_locale":"fr_FR","og_type":"article","og_title":"Camit Installations de Sablage et Peinture - Camit Impianti di Sabbiatura e Verniciatura","og_description":"Brochure et annexes: Brochure generale Camit Cabine per attivita mista di sabbiatura e verniciatura Installations industrielles pour le traitement des","og_url":"https:\/\/camitimpianti.it\/fr\/","og_site_name":"Camit Impianti di Sabbiatura e Verniciatura","article_modified_time":"2023-08-11T08:59:23+00:00","og_image":[{"url":"https:\/\/www.camitimpianti.it\/wp-content\/uploads\/2015\/07\/tuv.jpg","type":"","width":"","height":""}],"twitter_card":"summary_large_image","twitter_misc":{"Est. reading time":"4 minutes"},"schema":{"@context":"https:\/\/schema.org","@graph":[{"@type":"WebPage","@id":"https:\/\/camitimpianti.it\/fr\/","url":"https:\/\/camitimpianti.it\/fr\/","name":"Camit Installations de Sablage et Peinture - Camit Impianti di Sabbiatura e Verniciatura","isPartOf":{"@id":"https:\/\/camitimpianti.it\/it\/#website"},"primaryImageOfPage":{"@id":"https:\/\/camitimpianti.it\/fr\/#primaryimage"},"image":{"@id":"https:\/\/camitimpianti.it\/fr\/#primaryimage"},"thumbnailUrl":"https:\/\/www.camitimpianti.it\/wp-content\/uploads\/2015\/07\/tuv.jpg","datePublished":"2017-05-19T08:13:11+00:00","dateModified":"2023-08-11T08:59:23+00:00","breadcrumb":{"@id":"https:\/\/camitimpianti.it\/fr\/#breadcrumb"},"inLanguage":"fr-FR","potentialAction":[{"@type":"ReadAction","target":["https:\/\/camitimpianti.it\/fr\/"]}]},{"@type":"ImageObject","inLanguage":"fr-FR","@id":"https:\/\/camitimpianti.it\/fr\/#primaryimage","url":"https:\/\/www.camitimpianti.it\/wp-content\/uploads\/2015\/07\/tuv.jpg","contentUrl":"https:\/\/www.camitimpianti.it\/wp-content\/uploads\/2015\/07\/tuv.jpg"},{"@type":"BreadcrumbList","@id":"https:\/\/camitimpianti.it\/fr\/#breadcrumb","itemListElement":[{"@type":"ListItem","position":1,"name":"Home","item":"https:\/\/camitimpianti.it\/fr\/"},{"@type":"ListItem","position":2,"name":"Camit Installations de Sablage et Peinture"}]},{"@type":"WebSite","@id":"https:\/\/camitimpianti.it\/it\/#website","url":"https:\/\/camitimpianti.it\/it\/","name":"Camit Impianti di Sabbiatura e Verniciatura","description":"","publisher":{"@id":"https:\/\/camitimpianti.it\/it\/#organization"},"potentialAction":[{"@type":"SearchAction","target":{"@type":"EntryPoint","urlTemplate":"https:\/\/camitimpianti.it\/it\/?s={search_term_string}"},"query-input":{"@type":"PropertyValueSpecification","valueRequired":true,"valueName":"search_term_string"}}],"inLanguage":"fr-FR"},{"@type":"Organization","@id":"https:\/\/camitimpianti.it\/it\/#organization","name":"Camit Impianti di Sabbiatura e Verniciatura","url":"https:\/\/camitimpianti.it\/it\/","logo":{"@type":"ImageObject","inLanguage":"fr-FR","@id":"https:\/\/camitimpianti.it\/it\/#\/schema\/logo\/image\/","url":"https:\/\/camitimpianti.it\/wp-content\/uploads\/2023\/09\/cropped-LOGO-e-camit.png","contentUrl":"https:\/\/camitimpianti.it\/wp-content\/uploads\/2023\/09\/cropped-LOGO-e-camit.png","width":434,"height":125,"caption":"Camit Impianti di Sabbiatura e Verniciatura"},"image":{"@id":"https:\/\/camitimpianti.it\/it\/#\/schema\/logo\/image\/"}}]}},"_links":{"self":[{"href":"https:\/\/camitimpianti.it\/fr\/wp-json\/wp\/v2\/pages\/1117","targetHints":{"allow":["GET"]}}],"collection":[{"href":"https:\/\/camitimpianti.it\/fr\/wp-json\/wp\/v2\/pages"}],"about":[{"href":"https:\/\/camitimpianti.it\/fr\/wp-json\/wp\/v2\/types\/page"}],"author":[{"embeddable":true,"href":"https:\/\/camitimpianti.it\/fr\/wp-json\/wp\/v2\/users\/1"}],"replies":[{"embeddable":true,"href":"https:\/\/camitimpianti.it\/fr\/wp-json\/wp\/v2\/comments?post=1117"}],"version-history":[{"count":2,"href":"https:\/\/camitimpianti.it\/fr\/wp-json\/wp\/v2\/pages\/1117\/revisions"}],"predecessor-version":[{"id":14762,"href":"https:\/\/camitimpianti.it\/fr\/wp-json\/wp\/v2\/pages\/1117\/revisions\/14762"}],"wp:attachment":[{"href":"https:\/\/camitimpianti.it\/fr\/wp-json\/wp\/v2\/media?parent=1117"}],"curies":[{"name":"wp","href":"https:\/\/api.w.org\/{rel}","templated":true}]}}